{"id":154,"date":"2023-05-16T15:48:16","date_gmt":"2023-05-16T13:48:16","guid":{"rendered":"https:\/\/heldt-erche.de\/?page_id=154"},"modified":"2023-08-14T12:09:54","modified_gmt":"2023-08-14T10:09:54","slug":"home","status":"publish","type":"page","link":"https:\/\/heldt-erche.de\/fr\/","title":{"rendered":"Home"},"content":{"rendered":"<section class=\"wpb-content-wrapper\"><p>[vc_row][vc_column width=\u00a0\u00bb3\/4&Prime; el_class=\u00a0\u00bbbg-box bg-white\u00a0\u00bb][lab_heading title_tag=\u00a0\u00bbH1&Prime; title=\u00a0\u00bbBienvenue sur mon site!\u00a0\u00bb][\/lab_heading][vc_column_text]Pouvoir arriver et \u00eatre pris au s\u00e9rieux &#8211; regarder ensemble en arri\u00e8re et comprendre &#8211; regarder vers l&rsquo;avant et oser la nouveaut\u00e9.<\/p>\n<p>Ce sont des \u00e9tapes importantes d&rsquo;une psychoth\u00e9rapie et elles sont utiles pour le traitement de d\u00e9pressions, d&rsquo;angoisses, de compulsions, de troubles cons\u00e9cutifs \u00e0 des exp\u00e9riences \u00e9prouvantes ou traumatisantes, de troubles li\u00e9s \u00e0 des douleurs physiques, de difficult\u00e9s li\u00e9es au TDA et au TDAH, \u00e0 l&rsquo;abus de substances psychoactives et \u00e0 d&rsquo;autres troubles psychiques.<\/p>\n<p>Mais les m\u00e9thodes th\u00e9rapeutiques et un regard \u00ab\u00a0ext\u00e9rieur\u00a0\u00bb impartial peuvent \u00e9galement \u00eatre utiles en cas de difficult\u00e9s interpersonnelles g\u00e9n\u00e9rales dans la gestion de la vie, au travail, dans la vie familiale ou dans les loisirs. La plupart des gens attendent beaucoup trop longtemps avant de demander de l&rsquo;aide.<\/p>\n<p>Je vous invite donc \u00e0 vous faire une premi\u00e8re impression de ma m\u00e9thode de travail et du cadre dans lequel je travaille en lisant les pages suivantes. Si vous \u00eates int\u00e9ress\u00e9 par un traitement ou si d&rsquo;autres questions se posent, n&rsquo;h\u00e9sitez pas \u00e0 me contacter.[\/vc_column_text][\/vc_column][vc_column width=\u00a0\u00bb1\/4&Prime; el_class=\u00a0\u00bbabsolute-img\u00a0\u00bb][vc_single_image image=\u00a0\u00bb75&Prime; img_size=\u00a0\u00bbfull\u00a0\u00bb][\/vc_column][\/vc_row][vc_row][vc_column width=\u00a0\u00bb1\/2&Prime; el_class=\u00a0\u00bbbg-box bg-orange\u00a0\u00bb][lab_heading title=\u00a0\u00bbPsychoth\u00e9rapie\u00a0\u00bb][\/lab_heading][vc_column_text]La th\u00e9rapie permet de d\u00e9velopper, en collaboration avec le patient, une compr\u00e9hension de l&rsquo;origine des probl\u00e8mes et de leur maintien dans le contexte de vie actuel. De nouvelles perspectives et possibilit\u00e9s de changement s&rsquo;ouvrent ainsi.[\/vc_column_text][vc_icon type=\u00a0\u00bbfontawesome\u00a0\u00bb icon_fontawesome=\u00a0\u00bbfas fa-angle-double-right\u00a0\u00bb color=\u00a0\u00bbwhite\u00a0\u00bb size=\u00a0\u00bbsm\u00a0\u00bb align=\u00a0\u00bbright\u00a0\u00bb link=\u00a0\u00bburl:https%3A%2F%2Fheldt-erche.de%2Ffr%2Fpsychotherapie%2F|title:Psychoth%C3%A9rapie\u00a0\u00bb el_class=\u00a0\u00bbteaser-arrow\u00a0\u00bb][\/vc_column][vc_column width=\u00a0\u00bb1\/2&Prime; el_class=\u00a0\u00bbbg-box bg-green\u00a0\u00bb][lab_heading title=\u00a0\u00bb\u00c0 mon sujet\u00a0\u00bb][\/lab_heading][vc_column_text]Je consid\u00e8re qu&rsquo;il est de mon devoir d&rsquo;aborder mon interlocuteur avec ouverture et de le prendre au s\u00e9rieux dans sa souffrance. Je vous accompagne \u00e0 mieux comprendre vos sch\u00e9mas de comportement, de sentiment et de pens\u00e9e par le biais de questions mais aussi d&rsquo;exercices cibl\u00e9s.[\/vc_column_text][vc_icon type=\u00a0\u00bbfontawesome\u00a0\u00bb icon_fontawesome=\u00a0\u00bbfas fa-angle-double-right\u00a0\u00bb color=\u00a0\u00bbwhite\u00a0\u00bb size=\u00a0\u00bbsm\u00a0\u00bb align=\u00a0\u00bbright\u00a0\u00bb link=\u00a0\u00bburl:https%3A%2F%2Fheldt-erche.de%2Ffr%2Fa-mon-sujet%2F|title:%C3%80%20mon%20sujet\u00a0\u00bb el_class=\u00a0\u00bbteaser-arrow\u00a0\u00bb][\/vc_column][\/vc_row][vc_row][vc_column width=\u00a0\u00bb1\/2&Prime; el_class=\u00a0\u00bbbg-box bg-blue\u00a0\u00bb][lab_heading title=\u00a0\u00bbQuestions fr\u00e9quentes\u00a0\u00bb][\/lab_heading][vc_column_text]Qu&rsquo;est-ce que la psychoth\u00e9rapie ?<br \/>\nQue sont les maladies psychiques ?<br \/>\nQuelles sont les diff\u00e9rences entre un psychologue, un psychoth\u00e9rapeute, un m\u00e9decin sp\u00e9cialis\u00e9 en psychoth\u00e9rapie et un naturopathe ?[\/vc_column_text][vc_icon type=\u00a0\u00bbfontawesome\u00a0\u00bb icon_fontawesome=\u00a0\u00bbfas fa-angle-double-right\u00a0\u00bb color=\u00a0\u00bbwhite\u00a0\u00bb size=\u00a0\u00bbsm\u00a0\u00bb align=\u00a0\u00bbright\u00a0\u00bb link=\u00a0\u00bburl:https%3A%2F%2Fheldt-erche.de%2Ffr%2Ffaq%2F|title:FAQ\u00a0\u00bb el_class=\u00a0\u00bbteaser-arrow\u00a0\u00bb][\/vc_column][vc_column width=\u00a0\u00bb1\/2&Prime; el_class=\u00a0\u00bbbg-box bg-yellow\u00a0\u00bb][lab_heading title=\u00a0\u00bbFran\u00e7ais\u00a0\u00bb][\/lab_heading][vc_column_text]Je propose des psychoth\u00e9rapies en fran\u00e7ais. Pour une traduction des textes du site web, veuillez cliquer en haut \u00e0 droite.[\/vc_column_text][\/vc_column][\/vc_row]<\/p>\n<\/section>","protected":false},"excerpt":{"rendered":"<p>[vc_row][vc_column width=\u00a0\u00bb3\/4&Prime; el_class=\u00a0\u00bbbg-box bg-white\u00a0\u00bb][lab_heading title_tag=\u00a0\u00bbH1&Prime; title=\u00a0\u00bbBienvenue sur mon site!\u00a0\u00bb][\/lab_heading][vc_column_text]Pouvoir arriver et \u00eatre pris au s\u00e9rieux &#8211; regarder ensemble en arri\u00e8re et comprendre &#8211; regarder vers l&rsquo;avant et oser la nouveaut\u00e9. Ce sont des \u00e9tapes importantes d&rsquo;une psychoth\u00e9rapie et elles sont utiles pour le traitement de d\u00e9pressions, d&rsquo;angoisses, de compulsions, de troubles cons\u00e9cutifs \u00e0 des exp\u00e9riences&hellip;<\/p>\n","protected":false},"author":1,"featured_media":0,"parent":0,"menu_order":0,"comment_status":"closed","ping_status":"open","template":"","meta":{"footnotes":""},"class_list":["post-154","page","type-page","status-publish","hentry"],"acf":[],"_links":{"self":[{"href":"https:\/\/heldt-erche.de\/fr\/wp-json\/wp\/v2\/pages\/154","targetHints":{"allow":["GET"]}}],"collection":[{"href":"https:\/\/heldt-erche.de\/fr\/wp-json\/wp\/v2\/pages"}],"about":[{"href":"https:\/\/heldt-erche.de\/fr\/wp-json\/wp\/v2\/types\/page"}],"author":[{"embeddable":true,"href":"https:\/\/heldt-erche.de\/fr\/wp-json\/wp\/v2\/users\/1"}],"replies":[{"embeddable":true,"href":"https:\/\/heldt-erche.de\/fr\/wp-json\/wp\/v2\/comments?post=154"}],"version-history":[{"count":6,"href":"https:\/\/heldt-erche.de\/fr\/wp-json\/wp\/v2\/pages\/154\/revisions"}],"predecessor-version":[{"id":183,"href":"https:\/\/heldt-erche.de\/fr\/wp-json\/wp\/v2\/pages\/154\/revisions\/183"}],"wp:attachment":[{"href":"https:\/\/heldt-erche.de\/fr\/wp-json\/wp\/v2\/media?parent=154"}],"curies":[{"name":"wp","href":"https:\/\/api.w.org\/{rel}","templated":true}]}}