{"id":143,"date":"2023-05-22T16:52:45","date_gmt":"2023-05-22T14:52:45","guid":{"rendered":"https:\/\/heldt-erche.de\/?page_id=143"},"modified":"2023-07-16T17:28:11","modified_gmt":"2023-07-16T15:28:11","slug":"contact","status":"publish","type":"page","link":"https:\/\/heldt-erche.de\/fr\/contact\/","title":{"rendered":"Contact"},"content":{"rendered":"<section class=\"wpb-content-wrapper\"><p>[vc_row][vc_column width=\u00a0\u00bb1\/3&Prime; el_class=\u00a0\u00bbbg-box bg-white\u00a0\u00bb][lab_heading title_tag=\u00a0\u00bbH1&Prime; title=\u00a0\u00bbContact\u00a0\u00bb][\/lab_heading][vc_column_text]Katharina Heldt-Erche<br \/>\nRodenbergstr. 6<br \/>\n10439 Berlin (Prenzlauer-Berg)<\/p>\n<p>030\/43 65 93 58<\/p>\n<p>\u00e0 3 minutes de S- und U-Bhf Sch\u00f6nhauser Allee (S-Bahn, U-Bahn, Tram)<\/p>\n<p>info@heldt-erche.de[\/vc_column_text][vc_column_text css=\u00a0\u00bb.vc_custom_1687437291714{padding-top: 30px !important;}\u00a0\u00bb]<small>N&rsquo;oubliez pas que le courrier \u00e9lectronique n&rsquo;est pas un moyen de communication s\u00fbr et qu&rsquo;il n&rsquo;est donc pas adapt\u00e9 \u00e0 l&rsquo;\u00e9change de donn\u00e9es confidentielles.<\/small>[\/vc_column_text][\/vc_column][vc_column width=\u00a0\u00bb2\/3&Prime; el_class=\u00a0\u00bbbg-box bg-white\u00a0\u00bb][vc_raw_html]JTNDaWZyYW1lJTIwd2lkdGglM0QlMjI2ODAlMjIlMjBoZWlnaHQlM0QlMjIzNTAlMjIlMjBmcmFtZWJvcmRlciUzRCUyMjAlMjIlMjBzY3JvbGxpbmclM0QlMjJubyUyMiUyMG1hcmdpbmhlaWdodCUzRCUyMjAlMjIlMjBtYXJnaW53aWR0aCUzRCUyMjAlMjIlMjBzcmMlM0QlMjJodHRwcyUzQSUyRiUyRnd3dy5vcGVuc3RyZWV0bWFwLm9yZyUyRmV4cG9ydCUyRmVtYmVkLmh0bWwlM0ZiYm94JTNEMTMuMzczNzA4NzI0OTc1NTg2JTI1MkM1Mi41MzA1ODIwNzc3NjY3NSUyNTJDMTMuNDY3MjY0MTc1NDE1MDQlMjUyQzUyLjU3MTM5NDQ5MjkyMDc0JTI2YW1wJTNCbGF5ZXIlM0RtYXBuaWslMjZhbXAlM0JtYXJrZXIlM0Q1Mi41NTA5OTMwMjk4NjAzOSUyNTJDMTMuNDIwNDg2NDUwMTk1MzEyJTIyJTIwc3R5bGUlM0QlMjJib3JkZXIlM0ElMjBub25lJTIyJTNFJTNDJTJGaWZyYW1lJTNFJTNDYnIlMkYlM0UlM0NzbWFsbCUzRSUzQ2ElMjBocmVmJTNEJTIyaHR0cHMlM0ElMkYlMkZ3d3cub3BlbnN0cmVldG1hcC5vcmclMkYlM0ZtbGF0JTNENTIuNTUxMCUyNmFtcCUzQm1sb24lM0QxMy40MjA1JTIzbWFwJTNEMTQlMkY1Mi41NTEwJTJGMTMuNDIwNSUyMiUzRUdyJUMzJUI2JUMzJTlGZXJlJTIwS2FydGUlMjBhbnplaWdlbiUzQyUyRmElM0UlM0MlMkZzbWFsbCUzRQ==[\/vc_raw_html][\/vc_column][\/vc_row]<\/p>\n<\/section>","protected":false},"excerpt":{"rendered":"<p>[vc_row][vc_column width=\u00a0\u00bb1\/3&Prime; el_class=\u00a0\u00bbbg-box bg-white\u00a0\u00bb][lab_heading title_tag=\u00a0\u00bbH1&Prime; title=\u00a0\u00bbContact\u00a0\u00bb][\/lab_heading][vc_column_text]Katharina Heldt-Erche Rodenbergstr. 6 10439 Berlin (Prenzlauer-Berg) 030\/43 65 93 58 \u00e0 3 minutes de S- und U-Bhf Sch\u00f6nhauser Allee (S-Bahn, U-Bahn, Tram) info@heldt-erche.de[\/vc_column_text][vc_column_text css=\u00a0\u00bb.vc_custom_1687437291714{padding-top: 30px !important;}\u00a0\u00bb]N&rsquo;oubliez pas que le courrier \u00e9lectronique n&rsquo;est pas un moyen de communication s\u00fbr et qu&rsquo;il n&rsquo;est donc pas adapt\u00e9 \u00e0 l&rsquo;\u00e9change de donn\u00e9es confidentielles.[\/vc_column_text][\/vc_column][vc_column&hellip;<\/p>\n","protected":false},"author":1,"featured_media":0,"parent":0,"menu_order":0,"comment_status":"closed","ping_status":"closed","template":"","meta":{"footnotes":""},"class_list":["post-143","page","type-page","status-publish","hentry"],"acf":[],"_links":{"self":[{"href":"https:\/\/heldt-erche.de\/fr\/wp-json\/wp\/v2\/pages\/143","targetHints":{"allow":["GET"]}}],"collection":[{"href":"https:\/\/heldt-erche.de\/fr\/wp-json\/wp\/v2\/pages"}],"about":[{"href":"https:\/\/heldt-erche.de\/fr\/wp-json\/wp\/v2\/types\/page"}],"author":[{"embeddable":true,"href":"https:\/\/heldt-erche.de\/fr\/wp-json\/wp\/v2\/users\/1"}],"replies":[{"embeddable":true,"href":"https:\/\/heldt-erche.de\/fr\/wp-json\/wp\/v2\/comments?post=143"}],"version-history":[{"count":2,"href":"https:\/\/heldt-erche.de\/fr\/wp-json\/wp\/v2\/pages\/143\/revisions"}],"predecessor-version":[{"id":179,"href":"https:\/\/heldt-erche.de\/fr\/wp-json\/wp\/v2\/pages\/143\/revisions\/179"}],"wp:attachment":[{"href":"https:\/\/heldt-erche.de\/fr\/wp-json\/wp\/v2\/media?parent=143"}],"curies":[{"name":"wp","href":"https:\/\/api.w.org\/{rel}","templated":true}]}}