{"id":140,"date":"2023-05-22T16:52:37","date_gmt":"2023-05-22T14:52:37","guid":{"rendered":"https:\/\/heldt-erche.de\/?page_id=140"},"modified":"2023-06-22T14:30:00","modified_gmt":"2023-06-22T12:30:00","slug":"faq","status":"publish","type":"page","link":"https:\/\/heldt-erche.de\/fr\/faq\/","title":{"rendered":"FAQ"},"content":{"rendered":"<section class=\"wpb-content-wrapper\"><p>[vc_row][vc_column el_class=\u00a0\u00bbbg-box bg-blue accordion-box\u00a0\u00bb][lab_heading title_tag=\u00a0\u00bbH1&Prime; title=\u00a0\u00bbQuestions fr\u00e9quentes\u00a0\u00bb][\/lab_heading][vc_tta_accordion section_title_tag=\u00a0\u00bbh3&Prime; shape=\u00a0\u00bbsquare\u00a0\u00bb active_section=\u00a0\u00bb999&Prime; no_fill=\u00a0\u00bbtrue\u00a0\u00bb collapsible_all=\u00a0\u00bbtrue\u00a0\u00bb][vc_tta_section title=\u00a0\u00bbQu&rsquo;est-ce que la psychoth\u00e9rapie?\u00a0\u00bb tab_id=\u00a0\u00bbpsychotherapie\u00a0\u00bb][vc_column_text]La souffrance psychique est une atteinte importante dans les domaines de la perception et de la pens\u00e9e, des sentiments et de la volont\u00e9, de l&rsquo;action et de la parole. L&rsquo;objectif d&rsquo;une psychoth\u00e9rapie est d&rsquo;att\u00e9nuer ou de r\u00e9soudre ces troubles. Cela est possible gr\u00e2ce \u00e0 une observation pr\u00e9cise de ces processus psychiques et \u00e0 la compr\u00e9hension des liens entre eux lors de l&rsquo;entretien avec le th\u00e9rapeute. Les diff\u00e9rentes \u00e9coles de th\u00e9rapie se concentrent sur diff\u00e9rents th\u00e8mes et travaillent avec diff\u00e9rents mod\u00e8les d&rsquo;explication.<\/p>\n<p>Il existe quatre m\u00e9thodes, appel\u00e9es \u00ab\u00a0m\u00e9thodes directives\u00a0\u00bb, qui ont \u00e9t\u00e9 class\u00e9es comme \u00ab\u00a0scientifiquement reconnues\u00a0\u00bb et \u00ab\u00a0\u00e9conomiques\u00a0\u00bb et qui sont donc financ\u00e9es par les caisses d&rsquo;assurance maladie. Il s&rsquo;agit \u00e0 l&rsquo;heure actuelle de la psychanalyse (ou psychoth\u00e9rapie analytique), de la psychoth\u00e9rapie fond\u00e9e sur la psychologie des profondeurs, de la th\u00e9rapie comportementale et de la th\u00e9rapie syst\u00e9matique.<\/p>\n<p>Dans la *psychanlyse*, qui se base sur les concepts de Freud et leur d\u00e9veloppement, les troubles psychiques sont attribu\u00e9s \u00e0 des conflits interpersonnels qui sont pour la plupart apparus dans l&rsquo;enfance, qui continuent maintenant \u00e0 agir inconsciemment et qui influencent le v\u00e9cu actuel. L&rsquo;association libre (expression de pens\u00e9es) en position couch\u00e9e doit permettre de rendre conscients des contenus inconscients et de r\u00e9soudre des conflits int\u00e9rieurs. Le th\u00e9rapeute agit avant tout comme un auditeur bienveillant et non jugeant qui, par des interpr\u00e9tations isol\u00e9es et cibl\u00e9es, incite \u00e0 la r\u00e9flexion et permet des explications. La th\u00e9rapie a lieu 2 \u00e0 3 fois par semaine pendant 2 \u00e0 3 ans et peut ainsi compter 160 \u00e0 300 s\u00e9ances.<\/p>\n<p>La *psychoth\u00e9rapie fond\u00e9e sur la psychologie en profondeur* se base \u00e9galement sur ces concepts de Freud et leurs d\u00e9veloppements ult\u00e9rieurs. Une grande diff\u00e9rence r\u00e9side toutefois dans le fait que cette forme de th\u00e9rapie est beaucoup plus courte, avec 50 \u00e0 100 s\u00e9ances individuelles et un rythme d&rsquo;une s\u00e9ance par semaine. Les th\u00e8mes sont davantage ax\u00e9s sur les probl\u00e8mes actuels, orient\u00e9s vers des objectifs d\u00e9velopp\u00e9s en commun et le th\u00e9rapeute intervient activement dans la discussion.<\/p>\n<p>La *th\u00e9rapie comportementale* s&rsquo;est d\u00e9velopp\u00e9e \u00e0 partir des th\u00e9ories de l&rsquo;apprentissage et s&rsquo;oriente depuis lors fortement vers les connaissances de la psychologie scientifique. L&rsquo;origine de la souffrance psychique est ici attribu\u00e9e \u00e0 diff\u00e9rents facteurs d&rsquo;influence. Ainsi, des facteurs dits pr\u00e9disposants (conditions biologiques, mod\u00e8les de comportement et d&rsquo;exp\u00e9rience d\u00e9favorables acquis dans le contexte interpersonnel) peuvent entra\u00eener le d\u00e9clenchement d&rsquo;une maladie psychique lors de la survenue d&rsquo;un \u00e9v\u00e9nement fortement \u00e9prouvant ou d&rsquo;un stress prolong\u00e9. Les comportements probl\u00e9matiques et les attitudes int\u00e9rieures peu utiles sont modifi\u00e9s \u00e0 l&rsquo;aide d&rsquo;entretiens au cours desquels les pens\u00e9es, les sentiments et les actions sont explor\u00e9s avec pr\u00e9cision, et d&rsquo;exercices concrets. Les s\u00e9ances ont lieu 1 \u00e0 2 fois par semaine, \u00e0 raison de 24 \u00e0 80 s\u00e9ances individuelles sur 1 \u00e0 2 ans.La [th\u00e9rapie par les sch\u00e9mas] est un d\u00e9veloppement de la th\u00e9rapie comportementale qui int\u00e8gre des aspects des deux m\u00e9thodes analytiques et d&rsquo;autres m\u00e9thodes.<\/p>\n<p>La *th\u00e9rapie syst\u00e9mique* &#8230;[\/vc_column_text][\/vc_tta_section][vc_tta_section title=\u00a0\u00bbQu&rsquo;est-ce que la maladie mentale?\u00a0\u00bb tab_id=\u00a0\u00bbmaladie-mentale\u00a0\u00bb][vc_column_text]Beaucoup de gens ont peur d&rsquo;\u00eatre catalogu\u00e9s comme \u00ab\u00a0malades mentaux\u00a0\u00bb ou \u00ab\u00a0fous\u00a0\u00bb. \u00ab\u00a0Les crises et les mauvais jours arrivent \u00e0 tout le monde &#8211; les autres s&rsquo;en sortent aussi\u00a0\u00bb. En r\u00e9alit\u00e9, l&rsquo;\u00eatre humain a d&rsquo;\u00e9normes capacit\u00e9s d&rsquo;autogu\u00e9rison, de sorte que de nombreux stress psychiques peuvent \u00eatre surmont\u00e9s sans aide professionnelle.<\/p>\n<p>Cependant, de nombreuses personnes se retrouvent dans des situations o\u00f9 leur bien-\u00eatre est si alt\u00e9r\u00e9 pendant une longue p\u00e9riode que la gestion du quotidien n&rsquo;est plus possible que de mani\u00e8re tr\u00e8s limit\u00e9e, voire pas du tout, que l&rsquo;exp\u00e9rience de la qualit\u00e9 de vie est quasiment inexistante et que la personne ne parvient pas \u00e0 changer cet \u00e9tat, ni seule ni avec l&rsquo;aide de son environnement social. Il est alors judicieux de parler de *maladies ou de troubles psychiques* qui n\u00e9cessitent un traitement. L&rsquo;apparition des sympt\u00f4mes est g\u00e9n\u00e9ralement due \u00e0 l&rsquo;interaction de diff\u00e9rents facteurs (conditions biologiques, exp\u00e9rience de l&rsquo;histoire de vie et traitement des informations qui en d\u00e9coule, facteurs de stress actuels ou de longue dur\u00e9e).<\/p>\n<p>Dans ce contexte, les diagnostics offrent une premi\u00e8re orientation &#8211; m\u00eame si, en fin de compte, ils ne remplacent pas une observation individuelle de l&rsquo;\u00e9volution de la maladie et l&rsquo;\u00e9laboration d&rsquo;un plan th\u00e9rapeutique individuel. Des exemples de tels diagnostics sont les maladies de d\u00e9pendance, les d\u00e9pressions, les phobies, l&rsquo;agoraphobie, le trouble panique, le trouble anxieux g\u00e9n\u00e9ralis\u00e9, le trouble obsessionnel-compulsif, les actes ou rituels compulsifs, les r\u00e9actions \u00e0 un stress s\u00e9v\u00e8re comme le trouble de stress post-traumatique, les troubles somatoformes, les troubles alimentaires ainsi que les troubles dans le cadre des troubles du spectre de l&rsquo;autisme ou du trouble du d\u00e9ficit de l&rsquo;attention (hyperactivit\u00e9).[\/vc_column_text][\/vc_tta_section][vc_tta_section title=\u00a0\u00bbQuelles sont les diff\u00e9rences entre un psychologue, un psychoth\u00e9rapeute, un m\u00e9decin sp\u00e9cialis\u00e9 en psychoth\u00e9rapie et un naturopathe?\u00a0\u00bb tab_id=\u00a0\u00bbdifferences\u00a0\u00bb][vc_column_text]<strong>Psychologue:<\/strong> \u00e9tudes de psychologie, possibilit\u00e9 de travailler dans des cliniques, des centres de conseil ou des entreprises, offre de conseils psychologiques, mais pas d&rsquo;autorisation de traitement (approbation), car pas de formation approfondie dans une m\u00e9thode de psychoth\u00e9rapie.<\/p>\n<p><strong>Psychologue psychoth\u00e9rapeute:<\/strong> titre professionnel prot\u00e9g\u00e9, condition pr\u00e9alable : dipl\u00f4me d&rsquo;\u00e9tudes de psychologie et formation th\u00e9orique et pratique de plusieurs ann\u00e9es suivie d&rsquo;un examen national, puis obtention de l&rsquo;autorisation (autorisation nationale d&rsquo;exercer la m\u00e9decine).<\/p>\n<p><strong>M\u00e9decin sp\u00e9cialiste en psychiatrie et psychoth\u00e9rapie:<\/strong> \u00e9tudes de m\u00e9decine suivies d&rsquo;une formation de m\u00e9decin sp\u00e9cialiste dans le domaine de la psychiatrie\/neurologie et de la psychoth\u00e9rapie, m\u00eame offre que les psychologues psychoth\u00e9rapeutes, mais \u00e9galement prescription de m\u00e9dicaments et\/ou traitement m\u00e9dical.<\/p>\n<p><strong>M\u00e9decin sp\u00e9cialis\u00e9 en m\u00e9decine psychosomatique et psychoth\u00e9rapie:<\/strong> formation des m\u00e9decins similaire \u00e0 celle des m\u00e9decins sp\u00e9cialis\u00e9s en psychiatrie et psychoth\u00e9rapie, mais l&rsquo;accent est mis sur le traitement des maladies psychiques accompagn\u00e9es de troubles physiques importants tels que les troubles alimentaires, les maladies douloureuses ou les troubles somatoformes.<\/p>\n<p><strong>Praticien de sant\u00e9 en psychoth\u00e9rapie (dit petit praticien de sant\u00e9):<\/strong> Formation de Heilpraktiker (ici, les \u00e9tudes ne sont pas une condition pr\u00e9alable !) avec examen aupr\u00e8s des autorit\u00e9s de surveillance et d&rsquo;autorisation comp\u00e9tentes, autorisation limit\u00e9e \u00e0 l&rsquo;exercice professionnel de la m\u00e9decine dans le domaine de la psychoth\u00e9rapie, la formation n&rsquo;est pas soumise au contr\u00f4le de l&rsquo;\u00c9tat, avec un dipl\u00f4me de psychologie, on peut \u00e9galement obtenir ce titre suppl\u00e9mentaire, par rapport aux psychoth\u00e9rapeutes psychologiques et m\u00e9dicaux, il s&rsquo;agit ici d&rsquo;une formation plus courte et moins intensive.[\/vc_column_text][\/vc_tta_section][vc_tta_section title=\u00a0\u00bbJ&rsquo;ai peur que la psychoth\u00e9rapie fasse de moi quelque chose que je ne veux pas. Ces craintes sont-elles justifi\u00e9es?\u00a0\u00bb tab_id=\u00a0\u00bbcraintes\u00a0\u00bb][vc_column_text]Il s&rsquo;agit avant tout de vous aider \u00e0 atteindre vos objectifs et de soulager votre souffrance psychique. Dans le cadre d&rsquo;une th\u00e9rapie comportementale, le travail en commun est particuli\u00e8rement important. Il ne s&rsquo;agit donc pas que le th\u00e9rapeute vous \u00ab\u00a0analyse\u00a0\u00bb, mais que vous d\u00e9veloppiez vous-m\u00eame une meilleure compr\u00e9hension de vos r\u00e9actions sur la base de vos propres observations et r\u00e9flexions. Des sujets d\u00e9sagr\u00e9ables ou effrayants sont \u00e9galement abord\u00e9s. Dans ce cas, c&rsquo;est un signe de bonne collaboration si, d&rsquo;une part, le th\u00e9rapeute per\u00e7oit et aborde autant de signes verbaux mais aussi non verbaux que possible, par exemple un surmenage, et si, d&rsquo;autre part, le patient fait part de ses propres doutes, ins\u00e9curit\u00e9s, limites, etc.<\/p>\n<p>Mais toute th\u00e9rapie a aussi des effets ind\u00e9sirables. Ainsi, la confrontation intensive avec soi-m\u00eame conduit souvent \u00e0 un renforcement temporaire des sympt\u00f4mes. De m\u00eame, le processus th\u00e9rapeutique s&rsquo;accompagne de hauts et de bas, ce qui demande des efforts suppl\u00e9mentaires. Des changements chez soi peuvent \u00e9galement entra\u00eener des changements dans l&rsquo;environnement et faire appara\u00eetre plus ouvertement, par exemple, des conflits interpersonnels jusque-l\u00e0 sous-jacents.[\/vc_column_text][\/vc_tta_section][vc_tta_section title=\u00a0\u00bbQuelle est la diff\u00e9rence entre un psychoth\u00e9rapeute agr\u00e9\u00e9 par les caisses d&rsquo;assurance maladie et un psychoth\u00e9rapeute en cabinet priv\u00e9?\u00a0\u00bb tab_id=\u00a0\u00bbadmission-assurance-maladie\u00a0\u00bb][vc_column_text]Pour des raisons de politique de l&rsquo;offre, il existe un nombre fixe de psychoth\u00e9rapeutes qui &#8211; comme les m\u00e9decins \u00e9tablis &#8211; peuvent facturer directement aux caisses d&rsquo;assurance maladie l\u00e9gales. Ce nombre a \u00e9t\u00e9 fix\u00e9 en fonction des besoins, qui ne refl\u00e8tent plus actuellement les besoins en psychoth\u00e9rapie. Cela signifie que les psychoth\u00e9rapeutes agr\u00e9\u00e9s par les caisses d&rsquo;assurance maladie sont d\u00e9bord\u00e9s.<\/p>\n<p>Les psychoth\u00e9rapeutes \u00e9tablis en priv\u00e9 ont la m\u00eame formation, mais ne disposent pas encore d&rsquo;un tel si\u00e8ge de caisse. Ils peuvent traiter les assur\u00e9s priv\u00e9s, les personnes payant elles-m\u00eames leurs frais et les personnes b\u00e9n\u00e9ficiant d&rsquo;une aide financi\u00e8re et, dans des cas exceptionnels, les assur\u00e9s l\u00e9gaux via la proc\u00e9dure de remboursement des frais.[\/vc_column_text][\/vc_tta_section][\/vc_tta_accordion][\/vc_column][\/vc_row]<\/p>\n<\/section>","protected":false},"excerpt":{"rendered":"<p>[vc_row][vc_column el_class=\u00a0\u00bbbg-box bg-blue accordion-box\u00a0\u00bb][lab_heading title_tag=\u00a0\u00bbH1&Prime; title=\u00a0\u00bbQuestions fr\u00e9quentes\u00a0\u00bb][\/lab_heading][vc_tta_accordion section_title_tag=\u00a0\u00bbh3&Prime; shape=\u00a0\u00bbsquare\u00a0\u00bb active_section=\u00a0\u00bb999&Prime; no_fill=\u00a0\u00bbtrue\u00a0\u00bb collapsible_all=\u00a0\u00bbtrue\u00a0\u00bb][vc_tta_section title=\u00a0\u00bbQu&rsquo;est-ce que la psychoth\u00e9rapie?\u00a0\u00bb tab_id=\u00a0\u00bbpsychotherapie\u00a0\u00bb][vc_column_text]La souffrance psychique est une atteinte importante dans les domaines de la perception et de la pens\u00e9e, des sentiments et de la volont\u00e9, de l&rsquo;action et de la parole. L&rsquo;objectif d&rsquo;une psychoth\u00e9rapie est d&rsquo;att\u00e9nuer ou de r\u00e9soudre ces troubles.&hellip;<\/p>\n","protected":false},"author":1,"featured_media":0,"parent":0,"menu_order":0,"comment_status":"closed","ping_status":"closed","template":"","meta":{"footnotes":""},"class_list":["post-140","page","type-page","status-publish","hentry"],"acf":[],"_links":{"self":[{"href":"https:\/\/heldt-erche.de\/fr\/wp-json\/wp\/v2\/pages\/140","targetHints":{"allow":["GET"]}}],"collection":[{"href":"https:\/\/heldt-erche.de\/fr\/wp-json\/wp\/v2\/pages"}],"about":[{"href":"https:\/\/heldt-erche.de\/fr\/wp-json\/wp\/v2\/types\/page"}],"author":[{"embeddable":true,"href":"https:\/\/heldt-erche.de\/fr\/wp-json\/wp\/v2\/users\/1"}],"replies":[{"embeddable":true,"href":"https:\/\/heldt-erche.de\/fr\/wp-json\/wp\/v2\/comments?post=140"}],"version-history":[{"count":2,"href":"https:\/\/heldt-erche.de\/fr\/wp-json\/wp\/v2\/pages\/140\/revisions"}],"predecessor-version":[{"id":142,"href":"https:\/\/heldt-erche.de\/fr\/wp-json\/wp\/v2\/pages\/140\/revisions\/142"}],"wp:attachment":[{"href":"https:\/\/heldt-erche.de\/fr\/wp-json\/wp\/v2\/media?parent=140"}],"curies":[{"name":"wp","href":"https:\/\/api.w.org\/{rel}","templated":true}]}}