{"id":130,"date":"2023-05-22T16:52:29","date_gmt":"2023-05-22T14:52:29","guid":{"rendered":"https:\/\/heldt-erche.de\/?page_id=130"},"modified":"2023-08-14T12:13:38","modified_gmt":"2023-08-14T10:13:38","slug":"a-mon-sujet","status":"publish","type":"page","link":"https:\/\/heldt-erche.de\/fr\/a-mon-sujet\/","title":{"rendered":"\u00c0 mon sujet"},"content":{"rendered":"<section class=\"wpb-content-wrapper\"><p>[vc_row][vc_column width=\u00a0\u00bb1\/2&Prime; el_class=\u00a0\u00bbbg-box bg-green\u00a0\u00bb][lab_heading title_tag=\u00a0\u00bbH1&Prime; title=\u00a0\u00bb\u00c0 mon sujet\u00a0\u00bb][\/lab_heading][lab_heading title=\u00a0\u00bbCompr\u00e9hension de la th\u00e9rapie\u00a0\u00bb][\/lab_heading][vc_column_text]Chacun d&rsquo;entre nous na\u00eet avec son propre temp\u00e9rament et des caract\u00e9ristiques physiques sp\u00e9cifiques. En interaction avec notre environnement, nous d\u00e9veloppons, au cours d&rsquo;un processus d&rsquo;apprentissage qui dure toute la vie, des mod\u00e8les de comportement, de sentiments et de pens\u00e9e typiques qui nous sont propres. Une partie de ces sch\u00e9mas, utiles \u00e0 l&rsquo;origine, peuvent toutefois agir contre nos v\u00e9ritables objectifs de vie dans les phases de changement et conduire \u00e0 une forte ins\u00e9curit\u00e9 de soi. Il n&rsquo;est pas rare que des sympt\u00f4mes psychiques se d\u00e9veloppent alors, comme par exemple des angoisses, des compulsions ou des d\u00e9pressions et une vision simplifi\u00e9e de soi-m\u00eame et de son environnement (bon\/mauvais, s\u00fbr\/ins\u00e9curisant, succ\u00e8s\/\u00e9chec).<\/p>\n<p>Je consid\u00e8re qu&rsquo;il est de mon devoir d&rsquo;aborder mon interlocuteur avec ouverture et de le prendre au s\u00e9rieux dans sa souffrance. Je vous accompagne dans la compr\u00e9hension de vos sch\u00e9mas de comportement, de sentiments et de pens\u00e9e par le biais de questions mais aussi d&rsquo;exercices cibl\u00e9s. Gr\u00e2ce \u00e0 des observations diff\u00e9renci\u00e9es, de nouvelles perspectives s&rsquo;ouvrent et offrent la possibilit\u00e9 de modifier des sch\u00e9mas bien ancr\u00e9s. Il n&rsquo;y a pas de solutions toutes faites, mais de l&rsquo;espace pour vos propres id\u00e9es et vos propres strat\u00e9gies, qui doivent faire leurs preuves dans votre quotidien.[\/vc_column_text][\/vc_column][vc_column width=\u00a0\u00bb1\/2&Prime; el_class=\u00a0\u00bbbg-box bg-white\u00a0\u00bb][lab_heading title=\u00a0\u00bbParcours professionnel\u00a0\u00bb][\/lab_heading][vc_column_text]<strong>depuis 2021<\/strong> autorisation d&rsquo;exercer par la Kassen\u00e4rztliche Vereinigung Berlin (association des m\u00e9decins conventionn\u00e9s de Berlin)<\/p>\n<p><strong>2018<\/strong> Charg\u00e9e de cours sur le th\u00e8me \u00ab\u00a0Trouble dissociatif de l&rsquo;identit\u00e9\u00a0\u00bb \u00e0 la fondation Albert Schweitzer de Berlin<\/p>\n<p><strong>2015<\/strong> Intervention de crise dans une entreprise fran\u00e7aise<\/p>\n<p><strong>depuis 2014<\/strong> formation continue en th\u00e9rapie des sch\u00e9mas<\/p>\n<p><strong>2014 &#8211; 2020<\/strong> Th\u00e9rapeute d&rsquo;\u00e9tude \u00e0 la service ambulatoire de psychoth\u00e9rapie de l&rsquo;International Psychoanalytic University Berlin<\/p>\n<p><strong>depuis 2013<\/strong> activit\u00e9 dans son propre cabinet de psychoth\u00e9rapie<\/p>\n<p><strong>2013<\/strong> Fin de la formation de psychologue psychoth\u00e9rapeute dans le domaine de la th\u00e9rapie comportementale (titre professionnel prot\u00e9g\u00e9 selon la PsychThG du 01.01.1999) avec autorisation d&rsquo;exercer, adh\u00e9sion \u00e0 la chambre des psychoth\u00e9rapeutes de Berlin et inscription au registre des m\u00e9decins<\/p>\n<p><strong>2008 &#8211; 2013<\/strong> Service ambulatoire psychoth\u00e9rapeutique de l&rsquo;Acad\u00e9mie berlinoise de psychoth\u00e9rapie<\/p>\n<p><strong>2006<\/strong> Spektrum GmbH &#8211; R\u00e9habilitation professionnelle<\/p>\n<p><strong>2005 &#8211; 2006<\/strong> Service de psychiatrie aigu\u00eb des cliniques St. Hedwig (sp\u00e9cialisation en addiction et borderline)<\/p>\n<p><strong>2005<\/strong> Service de psychiatrie aigu\u00eb et service de jour de la clinique de psychiatrie et de psychoth\u00e9rapie, Charit\u00e9 Campus Mitte<\/p>\n<p><strong>2003 &#8211; 2006<\/strong> Maison d&rsquo;adaptation de Buckow de Tannenhof Berlin-Brandenburg e.V. (aide aux personnes d\u00e9pendantes)<\/p>\n<p><strong>1998 &#8211; 2004<\/strong> \u00c9tudes de psychologie et obtention du dipl\u00f4me de psychologue, m\u00e9moire de fin d&rsquo;\u00e9tudes dans le cadre du projet de recherche \u00ab\u00a0Th\u00e9rapie cognitivo-comportementale des troubles anxieux g\u00e9n\u00e9ralis\u00e9s\u00a0\u00bb, participation \u00e0 des th\u00e9rapies de groupe avec des enfants et des adolescents dans le cadre du \u00ab\u00a0projet cheval\u00a0\u00bb de l&rsquo;Universit\u00e9 libre de Berlin.[\/vc_column_text][\/vc_column][\/vc_row]<\/p>\n<\/section>","protected":false},"excerpt":{"rendered":"<p>[vc_row][vc_column width=\u00a0\u00bb1\/2&Prime; el_class=\u00a0\u00bbbg-box bg-green\u00a0\u00bb][lab_heading title_tag=\u00a0\u00bbH1&Prime; title=\u00a0\u00bb\u00c0 mon sujet\u00a0\u00bb][\/lab_heading][lab_heading title=\u00a0\u00bbCompr\u00e9hension de la th\u00e9rapie\u00a0\u00bb][\/lab_heading][vc_column_text]Chacun d&rsquo;entre nous na\u00eet avec son propre temp\u00e9rament et des caract\u00e9ristiques physiques sp\u00e9cifiques. En interaction avec notre environnement, nous d\u00e9veloppons, au cours d&rsquo;un processus d&rsquo;apprentissage qui dure toute la vie, des mod\u00e8les de comportement, de sentiments et de pens\u00e9e typiques qui nous sont propres.&hellip;<\/p>\n","protected":false},"author":1,"featured_media":0,"parent":0,"menu_order":0,"comment_status":"closed","ping_status":"closed","template":"","meta":{"footnotes":""},"class_list":["post-130","page","type-page","status-publish","hentry"],"acf":[],"_links":{"self":[{"href":"https:\/\/heldt-erche.de\/fr\/wp-json\/wp\/v2\/pages\/130","targetHints":{"allow":["GET"]}}],"collection":[{"href":"https:\/\/heldt-erche.de\/fr\/wp-json\/wp\/v2\/pages"}],"about":[{"href":"https:\/\/heldt-erche.de\/fr\/wp-json\/wp\/v2\/types\/page"}],"author":[{"embeddable":true,"href":"https:\/\/heldt-erche.de\/fr\/wp-json\/wp\/v2\/users\/1"}],"replies":[{"embeddable":true,"href":"https:\/\/heldt-erche.de\/fr\/wp-json\/wp\/v2\/comments?post=130"}],"version-history":[{"count":4,"href":"https:\/\/heldt-erche.de\/fr\/wp-json\/wp\/v2\/pages\/130\/revisions"}],"predecessor-version":[{"id":184,"href":"https:\/\/heldt-erche.de\/fr\/wp-json\/wp\/v2\/pages\/130\/revisions\/184"}],"wp:attachment":[{"href":"https:\/\/heldt-erche.de\/fr\/wp-json\/wp\/v2\/media?parent=130"}],"curies":[{"name":"wp","href":"https:\/\/api.w.org\/{rel}","templated":true}]}}